{"id":1225,"date":"2024-02-13T11:24:38","date_gmt":"2024-02-13T11:24:38","guid":{"rendered":"https:\/\/jmnoguearquitectura.cat\/accessibilitat\/"},"modified":"2024-09-26T09:53:19","modified_gmt":"2024-09-26T09:53:19","slug":"accessibilitat","status":"publish","type":"page","link":"https:\/\/jmnoguearquitectura.cat\/ca\/accessibilitat\/","title":{"rendered":"Accessibilitat"},"content":{"rendered":"\t\t<div data-elementor-type=\"wp-page\" data-elementor-id=\"1225\" class=\"elementor elementor-1225 elementor-1058\" data-elementor-post-type=\"page\">\n\t\t\t\t\t\t<section class=\"elementor-section elementor-top-section elementor-element elementor-element-7dc7fcd4 elementor-section-boxed elementor-section-height-default elementor-section-height-default\" data-id=\"7dc7fcd4\" data-element_type=\"section\" data-settings=\"{&quot;background_background&quot;:&quot;classic&quot;}\">\n\t\t\t\t\t\t<div class=\"elementor-container elementor-column-gap-default\">\n\t\t\t\t\t<div class=\"elementor-column elementor-col-100 elementor-top-column elementor-element elementor-element-37e5dbe4\" data-id=\"37e5dbe4\" data-element_type=\"column\">\n\t\t\t<div class=\"elementor-widget-wrap elementor-element-populated\">\n\t\t\t\t\t\t<div class=\"elementor-element elementor-element-7cd7b76a elementor-widget elementor-widget-heading\" data-id=\"7cd7b76a\" data-element_type=\"widget\" data-widget_type=\"heading.default\">\n\t\t\t\t<div class=\"elementor-widget-container\">\n\t\t\t<style>\/*! elementor - v3.20.0 - 26-03-2024 *\/\n.elementor-heading-title{padding:0;margin:0;line-height:1}.elementor-widget-heading .elementor-heading-title[class*=elementor-size-]>a{color:inherit;font-size:inherit;line-height:inherit}.elementor-widget-heading .elementor-heading-title.elementor-size-small{font-size:15px}.elementor-widget-heading .elementor-heading-title.elementor-size-medium{font-size:19px}.elementor-widget-heading .elementor-heading-title.elementor-size-large{font-size:29px}.elementor-widget-heading .elementor-heading-title.elementor-size-xl{font-size:39px}.elementor-widget-heading .elementor-heading-title.elementor-size-xxl{font-size:59px}<\/style><h1 class=\"elementor-heading-title elementor-size-default\">ACCESSIBILITAT<\/h1>\t\t<\/div>\n\t\t\t\t<\/div>\n\t\t\t\t\t<\/div>\n\t\t<\/div>\n\t\t\t\t\t<\/div>\n\t\t<\/section>\n\t\t\t\t<section class=\"elementor-section elementor-top-section elementor-element elementor-element-aa715f9 elementor-section-boxed elementor-section-height-default elementor-section-height-default\" data-id=\"aa715f9\" data-element_type=\"section\" data-settings=\"{&quot;background_background&quot;:&quot;classic&quot;}\">\n\t\t\t\t\t\t<div class=\"elementor-container elementor-column-gap-default\">\n\t\t\t\t\t<div class=\"elementor-column elementor-col-100 elementor-top-column elementor-element elementor-element-647ccb7\" data-id=\"647ccb7\" data-element_type=\"column\">\n\t\t\t<div class=\"elementor-widget-wrap elementor-element-populated\">\n\t\t\t\t\t\t<div class=\"elementor-element elementor-element-b4b6751 elementor-widget elementor-widget-text-editor\" data-id=\"b4b6751\" data-element_type=\"widget\" data-widget_type=\"text-editor.default\">\n\t\t\t\t<div class=\"elementor-widget-container\">\n\t\t\t<style>\/*! elementor - v3.20.0 - 26-03-2024 *\/\n.elementor-widget-text-editor.elementor-drop-cap-view-stacked .elementor-drop-cap{background-color:#69727d;color:#fff}.elementor-widget-text-editor.elementor-drop-cap-view-framed .elementor-drop-cap{color:#69727d;border:3px solid;background-color:transparent}.elementor-widget-text-editor:not(.elementor-drop-cap-view-default) .elementor-drop-cap{margin-top:8px}.elementor-widget-text-editor:not(.elementor-drop-cap-view-default) .elementor-drop-cap-letter{width:1em;height:1em}.elementor-widget-text-editor .elementor-drop-cap{float:left;text-align:center;line-height:1;font-size:50px}.elementor-widget-text-editor .elementor-drop-cap-letter{display:inline-block}<\/style>\t\t\t\t<p><strong>Josep Maria Nogu\u00e9 Estrad\u00e9<\/strong> es compromet a fer accessibles el seu lloc web de conformitat amb el <a class=\"no-lightbox\" title=\"Web del Butllet\u00ed Oficial de l'Estat : Obre nova finestra\" href=\"https:\/\/www.boe.es\/eli\/es\/rd\/2018\/09\/07\/1112\/con\" target=\"_blank\" rel=\"noopener\">Reial decret 1112\/2018, de 7 de setembre<\/a><img decoding=\"async\" class=\"Technositepopup\" src=\"https:\/\/www.hacienda.gob.es\/Style%20Library\/MINHAC.SP.Portal\/img\/popup.gif\" alt=\"Obre nova finestra\"> , sobre accessibilitat dels llocs web i aplicacions per a dispositius m\u00f2bils del sector p\u00fablic (d&#8217;ara endavant, Reial Decret 1112\/2018, de 7 de setembre).<\/p>\n<p>Aquesta declaraci\u00f3 d&#8217;accessibilitat s&#8217;aplica al lloc web <a href=\"https:\/\/jmnoguearquitectura.cat\/ca\/\">https:\/\/jmnoguearquitectura.cat\/<\/a> (els subdominis d&#8217;aquest lloc web tindran declaracions d&#8217;accessibilitat pr\u00f2pies).<\/p>\n<p><strong>Situaci\u00f3 de compliment<\/strong><\/p>\n<p>Aquest lloc web \u00e9s <strong>conforme<\/strong> amb el Reial decret 1112\/2018, de 7 de setembre.<\/p>\n<p><strong>Preparaci\u00f3 d&#8217;aquesta declaraci\u00f3 d&#8217;accessibilitat<\/strong><\/p>\n<p>Aquesta declaraci\u00f3 va ser preparada el 13 de febrer de 2024.<\/p>\n<p>El m\u00e8tode emprat per preparar la declaraci\u00f3 ha estat una autoavaluaci\u00f3 duta a terme <a href=\"https:\/\/romeuprenafeta.com\/es\/\">Romeu Prenafeta<\/a> .<\/p>\n<p>\u00daltima revisi\u00f3 de la declaraci\u00f3: 13 de febrer de 2024.<\/p>\n<p><strong>Observacions i dades de contacte<\/strong><\/p>\n<p>Podeu realitzar comunicacions sobre requisits d&#8217;accessibilitat (article 10.2.a) del Reial decret 1112\/2018, de 7 de setembre) com, per exemple:<\/p>\n<ul>\n<li>Informar sobre qualsevol possible incompliment per part daquest lloc web.<\/li>\n<li>Transmetre altres dificultats d&#8217;acc\u00e9s al contingut.<\/li>\n<li>Formular qualsevol altra consulta o suggeriment de millora relativa a l&#8217;accessibilitat del lloc web.<\/li>\n<\/ul>\n<p>A trav\u00e9s de les vies seg\u00fcents:<\/p>\n<ul>\n<li>Correu electr\u00f2nic: <a href=\"mailto:jmnoes@gmail.com\">jmnoes@gmail.com<\/a><\/li>\n<li>Tel\u00e8fon: 629 979 067<\/li>\n<\/ul>\n<p>Tamb\u00e9 podeu sol\u00b7licitar en format accessible informaci\u00f3 que no compleixi amb els requisits d&#8217;accessibilitat b\u00e9 per estar exclosa, b\u00e9 per estar exempta per c\u00e0rrega desproporcionada; o formular una queixa per incompliment dels requisits d&#8217;accessibilitat.<\/p>\n<p>Les comunicacions, les sol\u00b7licituds d&#8217;informaci\u00f3 accessible i les queixes han de dirigir-les a Carles Sampietro Lara, com a unitat responsable dels continguts d&#8217;aquest lloc web.<\/p>\n<p><strong>Procediment d&#8217;aplicaci\u00f3<\/strong><\/p>\n<p>A trav\u00e9s d&#8217;aquest procediment podreu iniciar una reclamaci\u00f3 per con\u00e8ixer i oposar-vos als motius de la desestimaci\u00f3 d&#8217;una sol\u00b7licitud d&#8217;informaci\u00f3 accessible o queixa, instar l&#8217;adopci\u00f3 de les mesures oportunes en cas de no estar d&#8217;acord amb la decisi\u00f3 adoptada, o exposar les raons per les quals es considera que la resposta no compleix els requisits exigits.<\/p>\n<ul>\n<li>Correu electr\u00f2nic: <a href=\"mailto:jmnoes@gmail.com\">jmnoes@gmail.com<\/a><\/li>\n<\/ul>\n<p><strong>Contingut opcional<\/strong><\/p>\n<p>La versi\u00f3 actualment visible d&#8217;aquest lloc web \u00e9s del febrer del 2024 i en aquesta data es va fer la revisi\u00f3 del nivell d&#8217;accessibilitat vigent en aquell moment.<\/p>\n<p>Entre altres, s&#8217;adopten les mesures seg\u00fcents per facilitar l&#8217;accessibilitat:<\/p>\n<ul>\n<li>Utilitzaci\u00f3 de text alternatiu a les imatges<\/li>\n<li>Els enlla\u00e7os ofereixen detalls de la funci\u00f3 o destinaci\u00f3 de l&#8217;hiperenlla\u00e7<\/li>\n<li>\u00das dels est\u00e0ndards del W3C: XHTML 1.0, CSS 3.0, WAI AA.<\/li>\n<\/ul>\n<p>Podeu consultar a la p\u00e0gina d&#8217;Av\u00eds Legal per a quins navegadors i versions est\u00e0 optimitzat aquest lloc web.<\/p>\n\t\t\t\t\t\t<\/div>\n\t\t\t\t<\/div>\n\t\t\t\t\t<\/div>\n\t\t<\/div>\n\t\t\t\t\t<\/div>\n\t\t<\/section>\n\t\t\t\t<\/div>\n\t\t","protected":false},"excerpt":{"rendered":"<p>ACCESSIBILITAT Josep Maria Nogu\u00e9 Estrad\u00e9 es compromet a fer accessibles el seu lloc web de conformitat amb el Reial decret 1112\/2018, de 7 de setembre , sobre accessibilitat dels llocs web i aplicacions per a dispositius m\u00f2bils del sector p\u00fablic (d&#8217;ara endavant, Reial Decret 1112\/2018, de 7 de setembre). Aquesta declaraci\u00f3 d&#8217;accessibilitat s&#8217;aplica al lloc [&hellip;]<\/p>\n","protected":false},"author":1,"featured_media":0,"parent":0,"menu_order":0,"comment_status":"closed","ping_status":"closed","template":"elementor_header_footer","meta":{"footnotes":""},"class_list":["post-1225","page","type-page","status-publish","hentry"],"_links":{"self":[{"href":"https:\/\/jmnoguearquitectura.cat\/ca\/wp-json\/wp\/v2\/pages\/1225","targetHints":{"allow":["GET"]}}],"collection":[{"href":"https:\/\/jmnoguearquitectura.cat\/ca\/wp-json\/wp\/v2\/pages"}],"about":[{"href":"https:\/\/jmnoguearquitectura.cat\/ca\/wp-json\/wp\/v2\/types\/page"}],"author":[{"embeddable":true,"href":"https:\/\/jmnoguearquitectura.cat\/ca\/wp-json\/wp\/v2\/users\/1"}],"replies":[{"embeddable":true,"href":"https:\/\/jmnoguearquitectura.cat\/ca\/wp-json\/wp\/v2\/comments?post=1225"}],"version-history":[{"count":1,"href":"https:\/\/jmnoguearquitectura.cat\/ca\/wp-json\/wp\/v2\/pages\/1225\/revisions"}],"predecessor-version":[{"id":1226,"href":"https:\/\/jmnoguearquitectura.cat\/ca\/wp-json\/wp\/v2\/pages\/1225\/revisions\/1226"}],"wp:attachment":[{"href":"https:\/\/jmnoguearquitectura.cat\/ca\/wp-json\/wp\/v2\/media?parent=1225"}],"curies":[{"name":"wp","href":"https:\/\/api.w.org\/{rel}","templated":true}]}}