{"id":1227,"date":"2024-02-13T11:03:00","date_gmt":"2024-02-13T11:03:00","guid":{"rendered":"https:\/\/jmnoguearquitectura.cat\/avis-legal\/"},"modified":"2024-09-26T11:11:17","modified_gmt":"2024-09-26T11:11:17","slug":"avis-legal","status":"publish","type":"page","link":"https:\/\/jmnoguearquitectura.cat\/ca\/avis-legal\/","title":{"rendered":"Av\u00eds legal"},"content":{"rendered":"\t\t<div data-elementor-type=\"wp-page\" data-elementor-id=\"1227\" class=\"elementor elementor-1227 elementor-1012\" data-elementor-post-type=\"page\">\n\t\t\t\t\t\t<section class=\"elementor-section elementor-top-section elementor-element elementor-element-7dc7fcd4 elementor-section-boxed elementor-section-height-default elementor-section-height-default\" data-id=\"7dc7fcd4\" data-element_type=\"section\" data-settings=\"{&quot;background_background&quot;:&quot;classic&quot;}\">\n\t\t\t\t\t\t<div class=\"elementor-container elementor-column-gap-default\">\n\t\t\t\t\t<div class=\"elementor-column elementor-col-100 elementor-top-column elementor-element elementor-element-37e5dbe4\" data-id=\"37e5dbe4\" data-element_type=\"column\">\n\t\t\t<div class=\"elementor-widget-wrap elementor-element-populated\">\n\t\t\t\t\t\t<div class=\"elementor-element elementor-element-7cd7b76a elementor-widget elementor-widget-heading\" data-id=\"7cd7b76a\" data-element_type=\"widget\" data-widget_type=\"heading.default\">\n\t\t\t\t<div class=\"elementor-widget-container\">\n\t\t\t<style>\/*! elementor - v3.20.0 - 26-03-2024 *\/\n.elementor-heading-title{padding:0;margin:0;line-height:1}.elementor-widget-heading .elementor-heading-title[class*=elementor-size-]>a{color:inherit;font-size:inherit;line-height:inherit}.elementor-widget-heading .elementor-heading-title.elementor-size-small{font-size:15px}.elementor-widget-heading .elementor-heading-title.elementor-size-medium{font-size:19px}.elementor-widget-heading .elementor-heading-title.elementor-size-large{font-size:29px}.elementor-widget-heading .elementor-heading-title.elementor-size-xl{font-size:39px}.elementor-widget-heading .elementor-heading-title.elementor-size-xxl{font-size:59px}<\/style><h1 class=\"elementor-heading-title elementor-size-default\">AV\u00cdS LEGAL<\/h1>\t\t<\/div>\n\t\t\t\t<\/div>\n\t\t\t\t\t<\/div>\n\t\t<\/div>\n\t\t\t\t\t<\/div>\n\t\t<\/section>\n\t\t\t\t<section class=\"elementor-section elementor-top-section elementor-element elementor-element-aa715f9 elementor-section-boxed elementor-section-height-default elementor-section-height-default\" data-id=\"aa715f9\" data-element_type=\"section\" data-settings=\"{&quot;background_background&quot;:&quot;classic&quot;}\">\n\t\t\t\t\t\t<div class=\"elementor-container elementor-column-gap-default\">\n\t\t\t\t\t<div class=\"elementor-column elementor-col-100 elementor-top-column elementor-element elementor-element-647ccb7\" data-id=\"647ccb7\" data-element_type=\"column\">\n\t\t\t<div class=\"elementor-widget-wrap elementor-element-populated\">\n\t\t\t\t\t\t<div class=\"elementor-element elementor-element-b4b6751 elementor-widget elementor-widget-text-editor\" data-id=\"b4b6751\" data-element_type=\"widget\" data-widget_type=\"text-editor.default\">\n\t\t\t\t<div class=\"elementor-widget-container\">\n\t\t\t<style>\/*! elementor - v3.20.0 - 26-03-2024 *\/\n.elementor-widget-text-editor.elementor-drop-cap-view-stacked .elementor-drop-cap{background-color:#69727d;color:#fff}.elementor-widget-text-editor.elementor-drop-cap-view-framed .elementor-drop-cap{color:#69727d;border:3px solid;background-color:transparent}.elementor-widget-text-editor:not(.elementor-drop-cap-view-default) .elementor-drop-cap{margin-top:8px}.elementor-widget-text-editor:not(.elementor-drop-cap-view-default) .elementor-drop-cap-letter{width:1em;height:1em}.elementor-widget-text-editor .elementor-drop-cap{float:left;text-align:center;line-height:1;font-size:50px}.elementor-widget-text-editor .elementor-drop-cap-letter{display:inline-block}<\/style>\t\t\t\t<p>Aquest Av\u00eds Legal t\u00e9 l&#8217;objectiu d&#8217;informar-vos dels vostres drets i obligacions com a usuari d&#8217;aquest lloc web. Aqu\u00ed trobar\u00e0s tota la informaci\u00f3 que necessites sobre aquest lloc web, la seva activitat, les dades personals que recull i la seva finalitat, aix\u00ed com les normes d&#8217;\u00fas que regulen l&#8217;\u00fas d&#8217;aquesta web. <\/p>\n<p>En el moment en qu\u00e8 accedeixis a aquest lloc web <strong>jmnoguearquitectura.cat,<\/strong> assumeixes la condici\u00f3 d&#8217;usuari, per aix\u00f2 el contingut d&#8217;aquest Av\u00eds Legal t&#8217;afecta directament. Per aix\u00f2, \u00e9s important que el llegeixis per dissipar qualsevol dubte que puguis tenir i tenir coneixement de causa sobre les condicions que est\u00e0s acceptant. <\/p>\n<p>Per comen\u00e7ar, heu de saber que aquest lloc web compleix les normatives vigents en mat\u00e8ria de protecci\u00f3 de dades, amb l&#8217;objectiu d&#8217;aportar-vos les garanties, la seguretat i la transpar\u00e8ncia que, com a usuari et corresponen, a l&#8217;hora d&#8217;utilitzar aquest web.<\/p>\n<p>El <strong>RGPD<\/strong> (<strong>Reglament (UE) 2016\/679 del Parlament Europeu i del Consell de 27 d&#8217;abril de 2016 relatiu a la protecci\u00f3 de les persones f\u00edsiques<\/strong>) que \u00e9s la nova normativa de la Uni\u00f3 Europea que unifica la regulaci\u00f3 del tractament de les dades personals als diferents pa\u00efsos de la UE.<\/p>\n<p>La <strong>LOPD<\/strong> ( <strong>Llei Org\u00e0nica 15\/1999, de 13 de desembre, de Protecci\u00f3 de Dades de Car\u00e0cter Personal<\/strong> i <strong>Reial Decret 1720\/2007, de 21 de desembre, el Reglament de desenvolupament de la LOPD<\/strong> ) que regula el tractament de les dades personals i les obligacions que hem d&#8217;assumir els responsables d&#8217;una web o bloc a l&#8217;hora de gestionar aquesta informaci\u00f3.<\/p>\n<p>La <strong>LSSI<\/strong> ( <strong>Llei 34\/2002, de 11 de juliol, de Serveis de la Societat de la Informaci\u00f3 i Comer\u00e7 Electr\u00f2nic<\/strong> ) que regula les transaccions econ\u00f2miques mitjan\u00e7ant mitjans electr\u00f2nics, com \u00e9s el cas d&#8217;aquest bloc.<\/p>\n<p><strong>DADES D&#8217;IDENTIFICACI\u00d3<\/strong><\/p>\n<p>El responsable i titular d&#8217;aquest lloc web \u00e9s <strong>Josep Maria Nogu\u00e9 Estrad\u00e9<\/strong><\/p>\n<ul>\n<li><strong>Nom:<\/strong> Josep Maria Nogu\u00e9 Estrad\u00e9<\/li>\n<li><strong>NIF:<\/strong> 47677481E<\/li>\n<li><strong>Domicili Social:<\/strong> C\/ Comtes d&#8217;Urgell, 35. Altell A. <\/li>\n<li><strong>Activitat del lloc web<\/strong> : serveis d&#8217;arquitectura.<\/li>\n<li><strong>Correu electr\u00f2nic<\/strong> : <a href=\"mailto:jmnoes@gmail.com\">jmnoes@gmail.com<\/a><\/li>\n<\/ul>\n<p><strong>NORMES D&#8217;ACC\u00c9S AL LLOC WEB<\/strong><\/p>\n<p>Com a usuari de la nostra web, tamb\u00e9 teniu una s\u00e8rie d&#8217;obligacions:<\/p>\n<p>No podr\u00e0s utilitzar aquest lloc web per a la realitzaci\u00f3 d&#8217;activitats contr\u00e0ries a les lleis, a la moral, a l&#8217;ordre p\u00fablic i, en general, a fer-ne un \u00fas d&#8217;acord amb les condicions establertes en aquest Av\u00eds Legal.<\/p>\n<p>No podr\u00e0s fer activitats publicit\u00e0ries o d&#8217;explotaci\u00f3 comercial remetent missatges que utilitzin una identitat falsa.<\/p>\n<p>Tu ser\u00e0s l&#8217;\u00fanic responsable de la veracitat i exactitud dels continguts que introdueixis en aquesta web i de les dades personals que ens facilitis amb les finalitats previstes a la nostra Pol\u00edtica de Privadesa.<\/p>\n<p>Tamb\u00e9 ser\u00e0s l&#8217;\u00fanic responsable de la realitzaci\u00f3 de qualsevol tipus d&#8217;actuaci\u00f3 il\u00b7l\u00edcita, lesiva de drets, nociva i\/o perjudicial als llocs de tercers a qu\u00e8 et puguem derivar des d&#8217;aquest lloc web per al desenvolupament de la nostra activitat.<\/p>\n<p>Com a responsable del lloc web, <strong>Josep Maria Nogu\u00e9 Estrad\u00e9<\/strong> podr\u00e0 interrompre el servei de la p\u00e0gina que estigui sent utilitzat per l&#8217;usuari i resoldre de manera immediata la relaci\u00f3 si detecta un \u00fas del web o de qualsevol dels serveis que s&#8217;hi ofereixen. que es pugui considerar contrari al que expressa aquest Av\u00eds Legal.<\/p>\n<p><strong>PROPIETAT INTEL\u00b7LECTUAL I INDUSTRIAL<\/strong><\/p>\n<p>La totalitat d&#8217;aquest lloc web (text, imatges, marques, gr\u00e0fics, logotips, botons, arxius de programari, combinacions de colors, aix\u00ed com l&#8217;estructura, la selecci\u00f3, l&#8217;ordenaci\u00f3 i la presentaci\u00f3 dels seus continguts) es troba protegida per les lleis vigents sobre propietat Intel\u00b7lectual i Industrial, i en queda prohibida la reproducci\u00f3, distribuci\u00f3, comunicaci\u00f3 p\u00fablica i transformaci\u00f3, excepte per a \u00fas personal i privat.<\/p>\n<p>Com a titular d&#8217;aquest lloc web, <strong>Josep Maria Nogu\u00e9 Estrad\u00e9<\/strong> no garanteix que els continguts siguin necessaris o lliures d&#8217;error o que el lliure \u00fas dels usuaris per part dels usuaris no infringeixi els drets de terceres parts. El bon \u00fas o mal d&#8217;aquesta p\u00e0gina i dels seus continguts \u00e9s responsabilitat de l&#8217;usuari. <\/p>\n<p>Aix\u00ed mateix, queda prohibida la reproducci\u00f3, retransmissi\u00f3, c\u00f2pia, cessi\u00f3 o redifusi\u00f3, total o parcial, de la informaci\u00f3 continguda a la p\u00e0gina, sigui quina sigui la seva finalitat i el mitj\u00e0 utilitzat per a aix\u00f2, sense autoritzaci\u00f3 pr\u00e8via de <strong>Josep Maria Nogu\u00e9 Estrad\u00e9.<\/strong><\/p>\n<p><strong>ENLLA\u00c7OS O LINKS<\/strong><\/p>\n<p>Aquest lloc web inclou enlla\u00e7os o links a llocs de tercers. Les p\u00e0gines pertanyents a aquests tercers no han estat revisades ni s\u00f3n objecte de controls per part nostra, per la qual cosa <strong>Josep Maria Nogu\u00e9 Estrad\u00e9<\/strong> no podr\u00e0 ser considerat responsable dels continguts d&#8217;aquests llocs web, ni de les mesures que s&#8217;adoptin relatives a la seva privadesa o al tractament de les seves dades de car\u00e0cter personal o altres que se&#8217;n poguessin derivar. <\/p>\n<p>Per tot aix\u00f2, us recomanem la lectura detinguda de les condicions d&#8217;\u00fas, pol\u00edtica de privadesa, avisos legals i\/o similars d&#8217;aquests llocs.<\/p>\n<p><strong>LIMITACI\u00d3 DE RESPONSABILITAT<\/strong><\/p>\n<p>En exercici del vostre dret com a titular d&#8217;aquesta web, us informem que <strong>Josep Maria Nogu\u00e9 Estrad\u00e9<\/strong><strong> <\/strong>no es fa responsable en cap cas del seg\u00fcent:<\/p>\n<p>La qualitat del servei, la velocitat d&#8217;acc\u00e9s, el funcionament correcte ni la disponibilitat ni continu\u00eftat de funcionament de la p\u00e0gina.<\/p>\n<p>L&#8217;exist\u00e8ncia de virus, programari malici\u00f3s, programes maliciosos o nocius en els continguts.<\/p>\n<p>L&#8217;\u00fas il\u00b7l\u00edcit, negligent, fraudulent o contrari a aquest Av\u00eds Legal.<\/p>\n<p>La manca de licitud, qualitat, fiabilitat, utilitat i disponibilitat dels serveis prestats per tercers i posats a disposici\u00f3 dels usuaris en aquest lloc web.<\/p>\n<p>Dels danys que poguessin provenir de l&#8217;\u00fas il\u00b7legal o indegut d&#8217;aquest bloc.<\/p>\n<p><strong>POL\u00cdTICA DE PRIVACITAT I PROTECCI\u00d3 DE DADES<\/strong><\/p>\n<p>Aquest lloc web compleix amb la normativa vigent en mat\u00e8ria de protecci\u00f3 de dades, cosa que implica que, com a usuari, haur\u00e0s de donar el teu consentiment expr\u00e9s abans de facilitar-nos dades personals a trav\u00e9s dels diferents formularis posats a disposici\u00f3 a les seccions de la nostra p\u00e0gina.<\/p>\n<p>Per aix\u00f2, en nom de la transpar\u00e8ncia i l&#8217;exercici del teu dret, el nostre deure \u00e9s informar-te sobre les dades personals que demanem, emmagatzemem i tractem i amb quines finalitats, tenint en qualsevol moment la possibilitat de revocar lliurement el teu consentiment.<\/p>\n<p>Tota aquesta informaci\u00f3 la podr\u00e0s trobar a la nostra <strong>pol\u00edtica de privacitat.<\/strong><\/p>\n<p><strong>POL\u00cdTICA DE COOKIES<\/strong><\/p>\n<p>Tal com us informem nom\u00e9s accedir a la nostra web, aquest lloc utilitza cookies pr\u00f2pies i de tercers amb l&#8217;objectiu de proporcionar-vos la millor experi\u00e8ncia d&#8217;usuari i desenvolupar la nostra activitat.<\/p>\n<p>En qualsevol moment, tindreu l&#8217;opci\u00f3 de configurar el vostre navegador per desestimar l&#8217;\u00fas d&#8217;aquestes galetes que, en algun cas, afectaran la vostra experi\u00e8ncia d&#8217;usuari.<\/p>\n<p>Per accedir a la informaci\u00f3 completa sobre l&#8217;\u00fas de cookies en aquest lloc web, la seva finalitat i desestimaci\u00f3, pots consultar la nostra <strong>pol\u00edtica de cookies<\/strong> .<\/p>\n<p><strong>LEGISLACI\u00d3 APLICABLE I JURISDICCI\u00d3 COMPETENT<\/strong><\/p>\n<p>Aquest Av\u00eds Legal est\u00e0 sotm\u00e8s a la legislaci\u00f3 espanyola vigent.<\/p>\n<p>En cas necessari, davant de qualsevol tipus de controv\u00e8rsia de car\u00e0cter legal, <strong>Josep Maria Nogu\u00e9 Estrad\u00e9<\/strong> i l&#8217;usuari, amb ren\u00fancia expressa a qualsevol altre fur, se sotmetran als Jutjats i Tribunals del domicili de l&#8217;Usuari per a qualsevol controv\u00e8rsia que se&#8217;n pogu\u00e9s derivar.<\/p>\n<p>En cas que l&#8217;usuari tingui el domicili fora d&#8217;Espanya, <strong>Josep Maria Nogu\u00e9 Estrad\u00e9<\/strong><strong> <\/strong>i l&#8217;usuari se sotmetran, amb ren\u00fancia expressa a qualsevol altre fur, als jutjats i tribunals de Barcelona (Espanya).<\/p>\n<p>Si teniu qualsevol dubte sobre aquest Av\u00eds Legal, podeu enviar-nos un correu electr\u00f2nic a <strong><a href=\"mailto:jmnoes@gmail.com\">jmnoes@gmail.com<\/a><\/strong> .<\/p>\n\t\t\t\t\t\t<\/div>\n\t\t\t\t<\/div>\n\t\t\t\t\t<\/div>\n\t\t<\/div>\n\t\t\t\t\t<\/div>\n\t\t<\/section>\n\t\t\t\t<\/div>\n\t\t","protected":false},"excerpt":{"rendered":"<p>AV\u00cdS LEGAL Aquest Av\u00eds Legal t\u00e9 l&#8217;objectiu d&#8217;informar-vos dels vostres drets i obligacions com a usuari d&#8217;aquest lloc web. Aqu\u00ed trobar\u00e0s tota la informaci\u00f3 que necessites sobre aquest lloc web, la seva activitat, les dades personals que recull i la seva finalitat, aix\u00ed com les normes d&#8217;\u00fas que regulen l&#8217;\u00fas d&#8217;aquesta web. En el moment [&hellip;]<\/p>\n","protected":false},"author":1,"featured_media":0,"parent":0,"menu_order":0,"comment_status":"closed","ping_status":"closed","template":"elementor_header_footer","meta":{"footnotes":""},"class_list":["post-1227","page","type-page","status-publish","hentry"],"_links":{"self":[{"href":"https:\/\/jmnoguearquitectura.cat\/ca\/wp-json\/wp\/v2\/pages\/1227","targetHints":{"allow":["GET"]}}],"collection":[{"href":"https:\/\/jmnoguearquitectura.cat\/ca\/wp-json\/wp\/v2\/pages"}],"about":[{"href":"https:\/\/jmnoguearquitectura.cat\/ca\/wp-json\/wp\/v2\/types\/page"}],"author":[{"embeddable":true,"href":"https:\/\/jmnoguearquitectura.cat\/ca\/wp-json\/wp\/v2\/users\/1"}],"replies":[{"embeddable":true,"href":"https:\/\/jmnoguearquitectura.cat\/ca\/wp-json\/wp\/v2\/comments?post=1227"}],"version-history":[{"count":1,"href":"https:\/\/jmnoguearquitectura.cat\/ca\/wp-json\/wp\/v2\/pages\/1227\/revisions"}],"predecessor-version":[{"id":1228,"href":"https:\/\/jmnoguearquitectura.cat\/ca\/wp-json\/wp\/v2\/pages\/1227\/revisions\/1228"}],"wp:attachment":[{"href":"https:\/\/jmnoguearquitectura.cat\/ca\/wp-json\/wp\/v2\/media?parent=1227"}],"curies":[{"name":"wp","href":"https:\/\/api.w.org\/{rel}","templated":true}]}}